{"id":43,"date":"2023-03-29T13:29:00","date_gmt":"2023-03-29T11:29:00","guid":{"rendered":"http:\/\/www.conciergeriecrepidule.com\/?page_id=43"},"modified":"2024-01-05T18:44:42","modified_gmt":"2024-01-05T17:44:42","slug":"gestion-location","status":"publish","type":"page","link":"http:\/\/www.conciergeriecrepidule.com\/?page_id=43","title":{"rendered":"GESTION LOCATION"},"content":{"rendered":"\n<h1 class=\"wp-block-heading\"><strong>GESTION LOCATION<\/strong><\/h1>\n\n\n\n<div class=\"wp-block-columns alignwide is-layout-flex wp-container-core-columns-is-layout-829b1d53 wp-block-columns-is-layout-flex\" style=\"margin-bottom:0\">\n<div class=\"wp-block-column has-text-color has-background has-link-color has-small-font-size wp-elements-a75eeefa785f460c30dd3516e2812b8a is-layout-flow wp-block-column-is-layout-flow\" style=\"color:#000000;background-color:#c2d9dd;padding-top:2em;padding-right:2em;padding-bottom:2em;padding-left:2em\">\n<h4 class=\"wp-block-heading\" id=\"single\" style=\"font-size:39px\">Gestion arriv\u00e9e\/d\u00e9part<\/h4>\n\n\n\n<hr class=\"wp-block-separator has-text-color has-css-opacity has-background is-style-wide\" style=\"background-color:#000000;color:#000000\"\/>\n\n\n\n<ul class=\"has-normal-font-size wp-block-list\">\n<li class=\"has-medium-font-size\">Accueil et d\u00e9part de vos locataires<\/li>\n\n\n\n<li class=\"has-medium-font-size\">Instructions d&#8217;arriv\u00e9e et pr\u00e9sentation du bien<\/li>\n\n\n\n<li class=\"has-medium-font-size\">M\u00e9nage et rangement<\/li>\n\n\n\n<li class=\"has-medium-font-size\">Entretien du linge de maison<\/li>\n<\/ul>\n\n\n\n<div style=\"height:146px\" aria-hidden=\"true\" class=\"wp-block-spacer\"><\/div>\n\n\n\n<p class=\"has-text-align-center\"><em>Prix de la prestation sur mesure<\/em><\/p>\n<\/div>\n\n\n\n<div class=\"wp-block-column has-text-color has-background has-link-color wp-elements-63e754f0f88968ee42b432cb539912c7 is-layout-flow wp-block-column-is-layout-flow\" style=\"color:#000000;background-color:#d1d1e1;padding-top:2em;padding-right:2em;padding-bottom:2em;padding-left:2em\">\n<h4 class=\"wp-block-heading\" id=\"family\" style=\"font-size:39px\">Gestion compl\u00e8te<\/h4>\n\n\n\n<hr class=\"wp-block-separator has-css-opacity is-style-wide\"\/>\n\n\n\n<ul class=\"has-normal-font-size wp-block-list\">\n<li class=\"has-medium-font-size\">R\u00e9daction, photographie et publication de votre annonce<\/li>\n\n\n\n<li class=\"has-medium-font-size\">Etude de march\u00e9 pour optimisation des prix<\/li>\n\n\n\n<li class=\"has-medium-font-size\">Gestion de la client\u00e8le et du calendrier<\/li>\n\n\n\n<li class=\"has-medium-font-size\">Accueil et d\u00e9part de vos locataires<\/li>\n\n\n\n<li class=\"has-medium-font-size\">Instructions d&#8217;arriv\u00e9e et pr\u00e9sentation du bien<\/li>\n\n\n\n<li class=\"has-medium-font-size\">M\u00e9nage et rangement<\/li>\n\n\n\n<li class=\"has-medium-font-size\">Entretien du linge de maison<\/li>\n<\/ul>\n\n\n\n<div style=\"height:34px\" aria-hidden=\"true\" class=\"wp-block-spacer\"><\/div>\n\n\n\n<p class=\"has-text-align-center has-small-font-size\">% du prix de la location<\/p>\n<\/div>\n<\/div>\n\n\n\n<p><\/p>\n\n\n\n<p class=\"has-text-align-center has-medium-font-size\"><em>N&#8217;h\u00e9sitez pas \u00e0&nbsp;nous contacter pour&nbsp;que&nbsp;nous&nbsp;puissions d\u00e9finir&nbsp;ensemble vos besoins&nbsp;et&nbsp;vous&nbsp;proposer des&nbsp;prestations&nbsp;adapt\u00e9es<\/em>.<\/p>\n\n\n\n<p class=\"has-text-align-center has-medium-font-size\">06 02 28 59 45 <\/p>\n\n\n\n<p class=\"has-text-align-center has-medium-font-size\">conciergeriecrepidule@gmail.com<\/p>\n\n\n\n<p><\/p>\n\n\n\n<p><\/p>\n","protected":false},"excerpt":{"rendered":"<p>GESTION LOCATION Gestion arriv\u00e9e\/d\u00e9part Prix de la prestation sur mesure Gestion compl\u00e8te % du prix de la location N&#8217;h\u00e9sitez pas \u00e0&nbsp;nous contacter pour&nbsp;que&nbsp;nous&nbsp;puissions d\u00e9finir&nbsp;ensemble vos&hellip;<\/p>\n","protected":false},"author":1,"featured_media":0,"parent":0,"menu_order":0,"comment_status":"closed","ping_status":"closed","template":"","meta":{"footnotes":""},"class_list":["post-43","page","type-page","status-publish","hentry"],"yoast_head":"<!-- This site is optimized with the Yoast SEO plugin v20.4 - https:\/\/yoast.com\/wordpress\/plugins\/seo\/ -->\n<title>GESTION LOCATION - conciergerie crepidule<\/title>\n<meta name=\"robots\" content=\"index, follow, max-snippet:-1, max-image-preview:large, max-video-preview:-1\" \/>\n<link rel=\"canonical\" href=\"http:\/\/www.conciergeriecrepidule.com\/?page_id=43\" \/>\n<meta property=\"og:locale\" content=\"en_US\" \/>\n<meta property=\"og:type\" content=\"article\" \/>\n<meta property=\"og:title\" content=\"GESTION LOCATION - conciergerie crepidule\" \/>\n<meta property=\"og:description\" content=\"GESTION LOCATION Gestion arriv\u00e9e\/d\u00e9part Prix de la prestation sur mesure Gestion compl\u00e8te % du prix de la location N&#8217;h\u00e9sitez pas \u00e0&nbsp;nous contacter pour&nbsp;que&nbsp;nous&nbsp;puissions d\u00e9finir&nbsp;ensemble vos&hellip;\" \/>\n<meta property=\"og:url\" content=\"http:\/\/www.conciergeriecrepidule.com\/?page_id=43\" \/>\n<meta property=\"og:site_name\" content=\"conciergerie crepidule\" \/>\n<meta property=\"article:publisher\" content=\"https:\/\/www.facebook.com\/profile.php?id=100090717452879\" \/>\n<meta property=\"article:modified_time\" content=\"2024-01-05T17:44:42+00:00\" \/>\n<meta name=\"twitter:card\" content=\"summary_large_image\" \/>\n<meta name=\"twitter:label1\" content=\"Est. reading time\" \/>\n\t<meta name=\"twitter:data1\" content=\"1 minute\" \/>\n<script type=\"application\/ld+json\" class=\"yoast-schema-graph\">{\"@context\":\"https:\/\/schema.org\",\"@graph\":[{\"@type\":\"WebPage\",\"@id\":\"http:\/\/www.conciergeriecrepidule.com\/?page_id=43\",\"url\":\"http:\/\/www.conciergeriecrepidule.com\/?page_id=43\",\"name\":\"GESTION LOCATION - conciergerie crepidule\",\"isPartOf\":{\"@id\":\"https:\/\/www.conciergeriecrepidule.com\/#website\"},\"datePublished\":\"2023-03-29T11:29:00+00:00\",\"dateModified\":\"2024-01-05T17:44:42+00:00\",\"breadcrumb\":{\"@id\":\"http:\/\/www.conciergeriecrepidule.com\/?page_id=43#breadcrumb\"},\"inLanguage\":\"en-US\",\"potentialAction\":[{\"@type\":\"ReadAction\",\"target\":[\"http:\/\/www.conciergeriecrepidule.com\/?page_id=43\"]}]},{\"@type\":\"BreadcrumbList\",\"@id\":\"http:\/\/www.conciergeriecrepidule.com\/?page_id=43#breadcrumb\",\"itemListElement\":[{\"@type\":\"ListItem\",\"position\":1,\"name\":\"Accueil\",\"item\":\"https:\/\/www.conciergeriecrepidule.com\/\"},{\"@type\":\"ListItem\",\"position\":2,\"name\":\"GESTION LOCATION\"}]},{\"@type\":\"WebSite\",\"@id\":\"https:\/\/www.conciergeriecrepidule.com\/#website\",\"url\":\"https:\/\/www.conciergeriecrepidule.com\/\",\"name\":\"Conciergerie Cr\u00e9pidule\",\"description\":\"conciergerie cr\u00e9pidule\",\"publisher\":{\"@id\":\"https:\/\/www.conciergeriecrepidule.com\/#organization\"},\"potentialAction\":[{\"@type\":\"SearchAction\",\"target\":{\"@type\":\"EntryPoint\",\"urlTemplate\":\"https:\/\/www.conciergeriecrepidule.com\/?s={search_term_string}\"},\"query-input\":\"required name=search_term_string\"}],\"inLanguage\":\"en-US\"},{\"@type\":\"Organization\",\"@id\":\"https:\/\/www.conciergeriecrepidule.com\/#organization\",\"name\":\"Conciergerie Cr\u00e9pidule\",\"url\":\"https:\/\/www.conciergeriecrepidule.com\/\",\"logo\":{\"@type\":\"ImageObject\",\"inLanguage\":\"en-US\",\"@id\":\"https:\/\/www.conciergeriecrepidule.com\/#\/schema\/logo\/image\/\",\"url\":\"http:\/\/www.conciergeriecrepidule.com\/wp-content\/uploads\/2023\/03\/Nouscontacter-1-1.png\",\"contentUrl\":\"http:\/\/www.conciergeriecrepidule.com\/wp-content\/uploads\/2023\/03\/Nouscontacter-1-1.png\",\"width\":498,\"height\":240,\"caption\":\"Conciergerie Cr\u00e9pidule\"},\"image\":{\"@id\":\"https:\/\/www.conciergeriecrepidule.com\/#\/schema\/logo\/image\/\"},\"sameAs\":[\"https:\/\/www.facebook.com\/profile.php?id=100090717452879\",\"https:\/\/www.instagram.com\/conciergerie.crepidule\/\"]}]}<\/script>\n<!-- \/ Yoast SEO plugin. -->","yoast_head_json":{"title":"GESTION LOCATION - conciergerie crepidule","robots":{"index":"index","follow":"follow","max-snippet":"max-snippet:-1","max-image-preview":"max-image-preview:large","max-video-preview":"max-video-preview:-1"},"canonical":"http:\/\/www.conciergeriecrepidule.com\/?page_id=43","og_locale":"en_US","og_type":"article","og_title":"GESTION LOCATION - conciergerie crepidule","og_description":"GESTION LOCATION Gestion arriv\u00e9e\/d\u00e9part Prix de la prestation sur mesure Gestion compl\u00e8te % du prix de la location N&#8217;h\u00e9sitez pas \u00e0&nbsp;nous contacter pour&nbsp;que&nbsp;nous&nbsp;puissions d\u00e9finir&nbsp;ensemble vos&hellip;","og_url":"http:\/\/www.conciergeriecrepidule.com\/?page_id=43","og_site_name":"conciergerie crepidule","article_publisher":"https:\/\/www.facebook.com\/profile.php?id=100090717452879","article_modified_time":"2024-01-05T17:44:42+00:00","twitter_card":"summary_large_image","twitter_misc":{"Est. reading time":"1 minute"},"schema":{"@context":"https:\/\/schema.org","@graph":[{"@type":"WebPage","@id":"http:\/\/www.conciergeriecrepidule.com\/?page_id=43","url":"http:\/\/www.conciergeriecrepidule.com\/?page_id=43","name":"GESTION LOCATION - conciergerie crepidule","isPartOf":{"@id":"https:\/\/www.conciergeriecrepidule.com\/#website"},"datePublished":"2023-03-29T11:29:00+00:00","dateModified":"2024-01-05T17:44:42+00:00","breadcrumb":{"@id":"http:\/\/www.conciergeriecrepidule.com\/?page_id=43#breadcrumb"},"inLanguage":"en-US","potentialAction":[{"@type":"ReadAction","target":["http:\/\/www.conciergeriecrepidule.com\/?page_id=43"]}]},{"@type":"BreadcrumbList","@id":"http:\/\/www.conciergeriecrepidule.com\/?page_id=43#breadcrumb","itemListElement":[{"@type":"ListItem","position":1,"name":"Accueil","item":"https:\/\/www.conciergeriecrepidule.com\/"},{"@type":"ListItem","position":2,"name":"GESTION LOCATION"}]},{"@type":"WebSite","@id":"https:\/\/www.conciergeriecrepidule.com\/#website","url":"https:\/\/www.conciergeriecrepidule.com\/","name":"Conciergerie Cr\u00e9pidule","description":"conciergerie cr\u00e9pidule","publisher":{"@id":"https:\/\/www.conciergeriecrepidule.com\/#organization"},"potentialAction":[{"@type":"SearchAction","target":{"@type":"EntryPoint","urlTemplate":"https:\/\/www.conciergeriecrepidule.com\/?s={search_term_string}"},"query-input":"required name=search_term_string"}],"inLanguage":"en-US"},{"@type":"Organization","@id":"https:\/\/www.conciergeriecrepidule.com\/#organization","name":"Conciergerie Cr\u00e9pidule","url":"https:\/\/www.conciergeriecrepidule.com\/","logo":{"@type":"ImageObject","inLanguage":"en-US","@id":"https:\/\/www.conciergeriecrepidule.com\/#\/schema\/logo\/image\/","url":"http:\/\/www.conciergeriecrepidule.com\/wp-content\/uploads\/2023\/03\/Nouscontacter-1-1.png","contentUrl":"http:\/\/www.conciergeriecrepidule.com\/wp-content\/uploads\/2023\/03\/Nouscontacter-1-1.png","width":498,"height":240,"caption":"Conciergerie Cr\u00e9pidule"},"image":{"@id":"https:\/\/www.conciergeriecrepidule.com\/#\/schema\/logo\/image\/"},"sameAs":["https:\/\/www.facebook.com\/profile.php?id=100090717452879","https:\/\/www.instagram.com\/conciergerie.crepidule\/"]}]}},"_links":{"self":[{"href":"http:\/\/www.conciergeriecrepidule.com\/index.php?rest_route=\/wp\/v2\/pages\/43","targetHints":{"allow":["GET"]}}],"collection":[{"href":"http:\/\/www.conciergeriecrepidule.com\/index.php?rest_route=\/wp\/v2\/pages"}],"about":[{"href":"http:\/\/www.conciergeriecrepidule.com\/index.php?rest_route=\/wp\/v2\/types\/page"}],"author":[{"embeddable":true,"href":"http:\/\/www.conciergeriecrepidule.com\/index.php?rest_route=\/wp\/v2\/users\/1"}],"replies":[{"embeddable":true,"href":"http:\/\/www.conciergeriecrepidule.com\/index.php?rest_route=%2Fwp%2Fv2%2Fcomments&post=43"}],"version-history":[{"count":20,"href":"http:\/\/www.conciergeriecrepidule.com\/index.php?rest_route=\/wp\/v2\/pages\/43\/revisions"}],"predecessor-version":[{"id":256,"href":"http:\/\/www.conciergeriecrepidule.com\/index.php?rest_route=\/wp\/v2\/pages\/43\/revisions\/256"}],"wp:attachment":[{"href":"http:\/\/www.conciergeriecrepidule.com\/index.php?rest_route=%2Fwp%2Fv2%2Fmedia&parent=43"}],"curies":[{"name":"wp","href":"https:\/\/api.w.org\/{rel}","templated":true}]}}