{"id":81,"date":"2023-03-29T22:37:51","date_gmt":"2023-03-29T20:37:51","guid":{"rendered":"http:\/\/www.conciergeriecrepidule.com\/?page_id=81"},"modified":"2023-03-30T16:27:49","modified_gmt":"2023-03-30T14:27:49","slug":"intendance","status":"publish","type":"page","link":"http:\/\/www.conciergeriecrepidule.com\/?page_id=81","title":{"rendered":"INTENDANCE"},"content":{"rendered":"\n<h1 class=\"wp-block-heading\"><strong>INTENDANCE<\/strong><\/h1>\n\n\n\n<div class=\"wp-block-columns alignwide is-layout-flex wp-container-core-columns-is-layout-829b1d53 wp-block-columns-is-layout-flex\" style=\"margin-bottom:0\">\n<div class=\"wp-block-column has-text-color has-background has-link-color wp-elements-4a7bd61c8d015a9ba54e1b5dd1267dce is-layout-flow wp-block-column-is-layout-flow\" style=\"color:#000000;background-color:#d9b8c0;padding-top:2em;padding-right:2em;padding-bottom:2em;padding-left:2em\">\n<h3 class=\"wp-block-heading has-large-font-size\" id=\"single\">Gardien de votre r\u00e9sidence en votre absence<\/h3>\n\n\n\n<hr class=\"wp-block-separator has-text-color has-css-opacity has-background is-style-wide\" style=\"background-color:#000000;color:#000000\"\/>\n\n\n\n<ul class=\"has-normal-font-size wp-block-list\">\n<li class=\"has-medium-font-size\">V\u00e9rification de chaque pi\u00e8ce de la maison et ext\u00e9rieur<\/li>\n\n\n\n<li class=\"has-medium-font-size\">A\u00e9ration de la maison<\/li>\n\n\n\n<li class=\"has-medium-font-size\">Relev\u00e9 des compteurs et du courrier<\/li>\n\n\n\n<li class=\"has-medium-font-size\">Photos de notre passage<\/li>\n<\/ul>\n\n\n\n<div class=\"wp-block-buttons alignfull is-horizontal is-content-justification-center is-layout-flex wp-container-core-buttons-is-layout-499968f5 wp-block-buttons-is-layout-flex\"><\/div>\n<\/div>\n\n\n\n<div class=\"wp-block-column has-text-color has-background has-link-color wp-elements-6835ecd48a773a57c6d41072294ce658 is-layout-flow wp-block-column-is-layout-flow\" style=\"color:#000000;background-color:#cae0d9;padding-top:2em;padding-right:2em;padding-bottom:2em;padding-left:2em\">\n<h2 class=\"wp-block-heading\" id=\"family\" style=\"font-size:40px\">Les options<\/h2>\n\n\n\n<div style=\"height:38px\" aria-hidden=\"true\" class=\"wp-block-spacer\"><\/div>\n\n\n\n<hr class=\"wp-block-separator has-css-opacity is-style-wide\"\/>\n\n\n\n<ul class=\"has-normal-font-size wp-block-list\">\n<li class=\"has-medium-font-size\">Livraison\/r\u00e9ception de vos commandes<\/li>\n\n\n\n<li class=\"has-medium-font-size\">Pr\u00e9paration de votre maison pour votre arriv\u00e9e avec m\u00e9nage et dressage des lits<\/li>\n\n\n\n<li class=\"has-medium-font-size\">Donner acc\u00e8s \u00e0 vos prestataires<\/li>\n\n\n\n<li class=\"has-medium-font-size\">Mise en place de votre maison pour un anniversaire, halloween, no\u00ebl<\/li>\n\n\n\n<li class=\"has-medium-font-size\">Am\u00e9nagement de votre jardin pour une chasse aux \u0153ufs, go\u00fbter, ap\u00e9ritif<\/li>\n\n\n\n<li class=\"has-medium-font-size\">R\u00e9servation de vos activit\u00e9s<\/li>\n\n\n\n<li class=\"has-medium-font-size\">M\u00e9nage<\/li>\n<\/ul>\n\n\n\n<div class=\"wp-block-buttons alignfull is-horizontal is-content-justification-center is-layout-flex wp-container-core-buttons-is-layout-499968f5 wp-block-buttons-is-layout-flex\"><\/div>\n<\/div>\n<\/div>\n\n\n\n<p><\/p>\n\n\n\n<p class=\"has-text-align-center has-medium-font-size\"><em>N&#8217;h\u00e9sitez pas \u00e0\u00a0nous contacter pour\u00a0que\u00a0nous\u00a0puissions d\u00e9finir\u00a0ensemble vos besoins\u00a0et\u00a0vous\u00a0proposer des\u00a0prestations\u00a0adapt\u00e9es<\/em>.<\/p>\n\n\n\n<p class=\"has-text-align-center has-medium-font-size\">06 02 28 59 45 \/ 06 14 96 55 87<\/p>\n\n\n\n<p class=\"has-text-align-center has-medium-font-size\">conciergeriecrepidule@gmail.com<\/p>\n\n\n\n<p><\/p>\n","protected":false},"excerpt":{"rendered":"<p>INTENDANCE Gardien de votre r\u00e9sidence en votre absence Les options N&#8217;h\u00e9sitez pas \u00e0\u00a0nous contacter pour\u00a0que\u00a0nous\u00a0puissions d\u00e9finir\u00a0ensemble vos besoins\u00a0et\u00a0vous\u00a0proposer des\u00a0prestations\u00a0adapt\u00e9es. 06 02 28 59 45 \/&hellip;<\/p>\n","protected":false},"author":1,"featured_media":0,"parent":0,"menu_order":0,"comment_status":"closed","ping_status":"closed","template":"","meta":{"footnotes":""},"class_list":["post-81","page","type-page","status-publish","hentry"],"yoast_head":"<!-- This site is optimized with the Yoast SEO plugin v20.4 - https:\/\/yoast.com\/wordpress\/plugins\/seo\/ -->\n<title>INTENDANCE - conciergerie crepidule<\/title>\n<meta name=\"robots\" content=\"index, follow, max-snippet:-1, max-image-preview:large, max-video-preview:-1\" \/>\n<link rel=\"canonical\" href=\"http:\/\/www.conciergeriecrepidule.com\/?page_id=81\" \/>\n<meta property=\"og:locale\" content=\"en_US\" \/>\n<meta property=\"og:type\" content=\"article\" \/>\n<meta property=\"og:title\" content=\"INTENDANCE - conciergerie crepidule\" \/>\n<meta property=\"og:description\" content=\"INTENDANCE Gardien de votre r\u00e9sidence en votre absence Les options N&#8217;h\u00e9sitez pas \u00e0\u00a0nous contacter pour\u00a0que\u00a0nous\u00a0puissions d\u00e9finir\u00a0ensemble vos besoins\u00a0et\u00a0vous\u00a0proposer des\u00a0prestations\u00a0adapt\u00e9es. 06 02 28 59 45 \/&hellip;\" \/>\n<meta property=\"og:url\" content=\"http:\/\/www.conciergeriecrepidule.com\/?page_id=81\" \/>\n<meta property=\"og:site_name\" content=\"conciergerie crepidule\" \/>\n<meta property=\"article:publisher\" content=\"https:\/\/www.facebook.com\/profile.php?id=100090717452879\" \/>\n<meta property=\"article:modified_time\" content=\"2023-03-30T14:27:49+00:00\" \/>\n<meta name=\"twitter:card\" content=\"summary_large_image\" \/>\n<meta name=\"twitter:label1\" content=\"Est. reading time\" \/>\n\t<meta name=\"twitter:data1\" content=\"1 minute\" \/>\n<script type=\"application\/ld+json\" class=\"yoast-schema-graph\">{\"@context\":\"https:\/\/schema.org\",\"@graph\":[{\"@type\":\"WebPage\",\"@id\":\"http:\/\/www.conciergeriecrepidule.com\/?page_id=81\",\"url\":\"http:\/\/www.conciergeriecrepidule.com\/?page_id=81\",\"name\":\"INTENDANCE - conciergerie crepidule\",\"isPartOf\":{\"@id\":\"https:\/\/www.conciergeriecrepidule.com\/#website\"},\"datePublished\":\"2023-03-29T20:37:51+00:00\",\"dateModified\":\"2023-03-30T14:27:49+00:00\",\"breadcrumb\":{\"@id\":\"http:\/\/www.conciergeriecrepidule.com\/?page_id=81#breadcrumb\"},\"inLanguage\":\"en-US\",\"potentialAction\":[{\"@type\":\"ReadAction\",\"target\":[\"http:\/\/www.conciergeriecrepidule.com\/?page_id=81\"]}]},{\"@type\":\"BreadcrumbList\",\"@id\":\"http:\/\/www.conciergeriecrepidule.com\/?page_id=81#breadcrumb\",\"itemListElement\":[{\"@type\":\"ListItem\",\"position\":1,\"name\":\"Accueil\",\"item\":\"https:\/\/www.conciergeriecrepidule.com\/\"},{\"@type\":\"ListItem\",\"position\":2,\"name\":\"INTENDANCE\"}]},{\"@type\":\"WebSite\",\"@id\":\"https:\/\/www.conciergeriecrepidule.com\/#website\",\"url\":\"https:\/\/www.conciergeriecrepidule.com\/\",\"name\":\"Conciergerie Cr\u00e9pidule\",\"description\":\"conciergerie cr\u00e9pidule\",\"publisher\":{\"@id\":\"https:\/\/www.conciergeriecrepidule.com\/#organization\"},\"potentialAction\":[{\"@type\":\"SearchAction\",\"target\":{\"@type\":\"EntryPoint\",\"urlTemplate\":\"https:\/\/www.conciergeriecrepidule.com\/?s={search_term_string}\"},\"query-input\":\"required name=search_term_string\"}],\"inLanguage\":\"en-US\"},{\"@type\":\"Organization\",\"@id\":\"https:\/\/www.conciergeriecrepidule.com\/#organization\",\"name\":\"Conciergerie Cr\u00e9pidule\",\"url\":\"https:\/\/www.conciergeriecrepidule.com\/\",\"logo\":{\"@type\":\"ImageObject\",\"inLanguage\":\"en-US\",\"@id\":\"https:\/\/www.conciergeriecrepidule.com\/#\/schema\/logo\/image\/\",\"url\":\"http:\/\/www.conciergeriecrepidule.com\/wp-content\/uploads\/2023\/03\/Nouscontacter-1-1.png\",\"contentUrl\":\"http:\/\/www.conciergeriecrepidule.com\/wp-content\/uploads\/2023\/03\/Nouscontacter-1-1.png\",\"width\":498,\"height\":240,\"caption\":\"Conciergerie Cr\u00e9pidule\"},\"image\":{\"@id\":\"https:\/\/www.conciergeriecrepidule.com\/#\/schema\/logo\/image\/\"},\"sameAs\":[\"https:\/\/www.facebook.com\/profile.php?id=100090717452879\",\"https:\/\/www.instagram.com\/conciergerie.crepidule\/\"]}]}<\/script>\n<!-- \/ Yoast SEO plugin. -->","yoast_head_json":{"title":"INTENDANCE - conciergerie crepidule","robots":{"index":"index","follow":"follow","max-snippet":"max-snippet:-1","max-image-preview":"max-image-preview:large","max-video-preview":"max-video-preview:-1"},"canonical":"http:\/\/www.conciergeriecrepidule.com\/?page_id=81","og_locale":"en_US","og_type":"article","og_title":"INTENDANCE - conciergerie crepidule","og_description":"INTENDANCE Gardien de votre r\u00e9sidence en votre absence Les options N&#8217;h\u00e9sitez pas \u00e0\u00a0nous contacter pour\u00a0que\u00a0nous\u00a0puissions d\u00e9finir\u00a0ensemble vos besoins\u00a0et\u00a0vous\u00a0proposer des\u00a0prestations\u00a0adapt\u00e9es. 06 02 28 59 45 \/&hellip;","og_url":"http:\/\/www.conciergeriecrepidule.com\/?page_id=81","og_site_name":"conciergerie crepidule","article_publisher":"https:\/\/www.facebook.com\/profile.php?id=100090717452879","article_modified_time":"2023-03-30T14:27:49+00:00","twitter_card":"summary_large_image","twitter_misc":{"Est. reading time":"1 minute"},"schema":{"@context":"https:\/\/schema.org","@graph":[{"@type":"WebPage","@id":"http:\/\/www.conciergeriecrepidule.com\/?page_id=81","url":"http:\/\/www.conciergeriecrepidule.com\/?page_id=81","name":"INTENDANCE - conciergerie crepidule","isPartOf":{"@id":"https:\/\/www.conciergeriecrepidule.com\/#website"},"datePublished":"2023-03-29T20:37:51+00:00","dateModified":"2023-03-30T14:27:49+00:00","breadcrumb":{"@id":"http:\/\/www.conciergeriecrepidule.com\/?page_id=81#breadcrumb"},"inLanguage":"en-US","potentialAction":[{"@type":"ReadAction","target":["http:\/\/www.conciergeriecrepidule.com\/?page_id=81"]}]},{"@type":"BreadcrumbList","@id":"http:\/\/www.conciergeriecrepidule.com\/?page_id=81#breadcrumb","itemListElement":[{"@type":"ListItem","position":1,"name":"Accueil","item":"https:\/\/www.conciergeriecrepidule.com\/"},{"@type":"ListItem","position":2,"name":"INTENDANCE"}]},{"@type":"WebSite","@id":"https:\/\/www.conciergeriecrepidule.com\/#website","url":"https:\/\/www.conciergeriecrepidule.com\/","name":"Conciergerie Cr\u00e9pidule","description":"conciergerie cr\u00e9pidule","publisher":{"@id":"https:\/\/www.conciergeriecrepidule.com\/#organization"},"potentialAction":[{"@type":"SearchAction","target":{"@type":"EntryPoint","urlTemplate":"https:\/\/www.conciergeriecrepidule.com\/?s={search_term_string}"},"query-input":"required name=search_term_string"}],"inLanguage":"en-US"},{"@type":"Organization","@id":"https:\/\/www.conciergeriecrepidule.com\/#organization","name":"Conciergerie Cr\u00e9pidule","url":"https:\/\/www.conciergeriecrepidule.com\/","logo":{"@type":"ImageObject","inLanguage":"en-US","@id":"https:\/\/www.conciergeriecrepidule.com\/#\/schema\/logo\/image\/","url":"http:\/\/www.conciergeriecrepidule.com\/wp-content\/uploads\/2023\/03\/Nouscontacter-1-1.png","contentUrl":"http:\/\/www.conciergeriecrepidule.com\/wp-content\/uploads\/2023\/03\/Nouscontacter-1-1.png","width":498,"height":240,"caption":"Conciergerie Cr\u00e9pidule"},"image":{"@id":"https:\/\/www.conciergeriecrepidule.com\/#\/schema\/logo\/image\/"},"sameAs":["https:\/\/www.facebook.com\/profile.php?id=100090717452879","https:\/\/www.instagram.com\/conciergerie.crepidule\/"]}]}},"_links":{"self":[{"href":"http:\/\/www.conciergeriecrepidule.com\/index.php?rest_route=\/wp\/v2\/pages\/81","targetHints":{"allow":["GET"]}}],"collection":[{"href":"http:\/\/www.conciergeriecrepidule.com\/index.php?rest_route=\/wp\/v2\/pages"}],"about":[{"href":"http:\/\/www.conciergeriecrepidule.com\/index.php?rest_route=\/wp\/v2\/types\/page"}],"author":[{"embeddable":true,"href":"http:\/\/www.conciergeriecrepidule.com\/index.php?rest_route=\/wp\/v2\/users\/1"}],"replies":[{"embeddable":true,"href":"http:\/\/www.conciergeriecrepidule.com\/index.php?rest_route=%2Fwp%2Fv2%2Fcomments&post=81"}],"version-history":[{"count":9,"href":"http:\/\/www.conciergeriecrepidule.com\/index.php?rest_route=\/wp\/v2\/pages\/81\/revisions"}],"predecessor-version":[{"id":183,"href":"http:\/\/www.conciergeriecrepidule.com\/index.php?rest_route=\/wp\/v2\/pages\/81\/revisions\/183"}],"wp:attachment":[{"href":"http:\/\/www.conciergeriecrepidule.com\/index.php?rest_route=%2Fwp%2Fv2%2Fmedia&parent=81"}],"curies":[{"name":"wp","href":"https:\/\/api.w.org\/{rel}","templated":true}]}}