{"id":87,"date":"2023-03-29T22:38:12","date_gmt":"2023-03-29T20:38:12","guid":{"rendered":"http:\/\/www.conciergeriecrepidule.com\/?page_id=87"},"modified":"2023-03-31T11:24:31","modified_gmt":"2023-03-31T09:24:31","slug":"accueil","status":"publish","type":"page","link":"http:\/\/www.conciergeriecrepidule.com\/","title":{"rendered":"ACCUEIL"},"content":{"rendered":"\t\t<div data-elementor-type=\"wp-page\" data-elementor-id=\"87\" class=\"elementor elementor-87\">\n\t\t\t\t\t\t\t\t\t<section class=\"elementor-section elementor-top-section elementor-element elementor-element-7b4d23b7 elementor-section-full_width elementor-section-stretched elementor-section-height-default elementor-section-height-default\" data-id=\"7b4d23b7\" data-element_type=\"section\" data-settings=\"{&quot;stretch_section&quot;:&quot;section-stretched&quot;}\">\n\t\t\t\t\t\t<div class=\"elementor-container elementor-column-gap-default\">\n\t\t\t\t\t<div class=\"elementor-column elementor-col-100 elementor-top-column elementor-element elementor-element-691f011d\" data-id=\"691f011d\" data-element_type=\"column\">\n\t\t\t<div class=\"elementor-widget-wrap elementor-element-populated\">\n\t\t\t\t\t\t\t\t<div class=\"elementor-element elementor-element-1e12bd00 elementor-widget elementor-widget-text-editor\" data-id=\"1e12bd00\" data-element_type=\"widget\" data-widget_type=\"text-editor.default\">\n\t\t\t\t<div class=\"elementor-widget-container\">\n\t\t\t<style>\/*! elementor - v3.12.0 - 29-03-2023 *\/\n.elementor-widget-text-editor.elementor-drop-cap-view-stacked .elementor-drop-cap{background-color:#69727d;color:#fff}.elementor-widget-text-editor.elementor-drop-cap-view-framed .elementor-drop-cap{color:#69727d;border:3px solid;background-color:transparent}.elementor-widget-text-editor:not(.elementor-drop-cap-view-default) .elementor-drop-cap{margin-top:8px}.elementor-widget-text-editor:not(.elementor-drop-cap-view-default) .elementor-drop-cap-letter{width:1em;height:1em}.elementor-widget-text-editor .elementor-drop-cap{float:left;text-align:center;line-height:1;font-size:50px}.elementor-widget-text-editor .elementor-drop-cap-letter{display:inline-block}<\/style>\t\t\t\t<!-- wp:cover {\"url\":\"http:\/\/www.conciergeriecrepidule.com\/wp-content\/uploads\/2023\/03\/Service-de-conciergerie-sur-mesure-5.png\",\"id\":193,\"dimRatio\":0} -->\n<div class=\"wp-block-cover\"><span aria-hidden=\"true\" class=\"wp-block-cover__background has-background-dim-0 has-background-dim\"><\/span><img loading=\"lazy\" decoding=\"async\" width=\"1920\" height=\"1080\" class=\"wp-block-cover__image-background wp-image-193\" alt=\"Services de conciergerie \nLa Rochelle\nChatelaillon \nAngoulins\nConciergerie cr\u00e9pidule\" src=\"http:\/\/www.conciergeriecrepidule.com\/wp-content\/uploads\/2023\/03\/Service-de-conciergerie-sur-mesure-5.png\" data-object-fit=\"cover\" srcset=\"http:\/\/www.conciergeriecrepidule.com\/wp-content\/uploads\/2023\/03\/Service-de-conciergerie-sur-mesure-5.png 1920w, http:\/\/www.conciergeriecrepidule.com\/wp-content\/uploads\/2023\/03\/Service-de-conciergerie-sur-mesure-5-300x169.png 300w, http:\/\/www.conciergeriecrepidule.com\/wp-content\/uploads\/2023\/03\/Service-de-conciergerie-sur-mesure-5-1024x576.png 1024w, http:\/\/www.conciergeriecrepidule.com\/wp-content\/uploads\/2023\/03\/Service-de-conciergerie-sur-mesure-5-768x432.png 768w, http:\/\/www.conciergeriecrepidule.com\/wp-content\/uploads\/2023\/03\/Service-de-conciergerie-sur-mesure-5-1536x864.png 1536w\" sizes=\"auto, (max-width: 1920px) 100vw, 1920px\" \/><div class=\"wp-block-cover__inner-container\"><\/div><\/div>\n<!-- \/wp:cover -->\t\t\t\t\t\t<\/div>\n\t\t\t\t<\/div>\n\t\t\t\t\t<\/div>\n\t\t<\/div>\n\t\t\t\t\t\t\t<\/div>\n\t\t<\/section>\n\t\t\t\t\t\t\t<\/div>\n\t\t","protected":false},"excerpt":{"rendered":"","protected":false},"author":1,"featured_media":139,"parent":0,"menu_order":0,"comment_status":"closed","ping_status":"closed","template":"","meta":{"footnotes":""},"class_list":["post-87","page","type-page","status-publish","has-post-thumbnail","hentry"],"yoast_head":"<!-- This site is optimized with the Yoast SEO plugin v20.4 - https:\/\/yoast.com\/wordpress\/plugins\/seo\/ -->\n<title>Conciergerie Cr\u00e9pidule I Ch\u00e2telaillon-Plage, Angoulins, La Rochelle<\/title>\n<meta name=\"description\" content=\"Vous recherchez un service de conciergerie ? La Conciergerie Cr\u00e9pidule propose : gestion de location, intendance, m\u00e9nage...\" \/>\n<meta name=\"robots\" content=\"index, follow, max-snippet:-1, max-image-preview:large, max-video-preview:-1\" \/>\n<link rel=\"canonical\" href=\"https:\/\/www.conciergeriecrepidule.com\/\" \/>\n<meta property=\"og:locale\" content=\"en_US\" \/>\n<meta property=\"og:type\" content=\"article\" \/>\n<meta property=\"og:title\" content=\"Conciergerie Cr\u00e9pidule I Ch\u00e2telaillon-Plage, Angoulins, La Rochelle\" \/>\n<meta property=\"og:description\" content=\"Vous recherchez un service de conciergerie ? La Conciergerie Cr\u00e9pidule propose : gestion de location, intendance, m\u00e9nage...\" \/>\n<meta property=\"og:url\" content=\"https:\/\/www.conciergeriecrepidule.com\/\" \/>\n<meta property=\"og:site_name\" content=\"conciergerie crepidule\" \/>\n<meta property=\"article:publisher\" content=\"https:\/\/www.facebook.com\/profile.php?id=100090717452879\" \/>\n<meta property=\"article:modified_time\" content=\"2023-03-31T09:24:31+00:00\" \/>\n<meta property=\"og:image\" content=\"https:\/\/www.conciergeriecrepidule.com\/wp-content\/uploads\/2023\/03\/IMG_0999-1-scaled.jpg\" \/>\n\t<meta property=\"og:image:width\" content=\"2560\" \/>\n\t<meta property=\"og:image:height\" content=\"1920\" \/>\n\t<meta property=\"og:image:type\" content=\"image\/jpeg\" \/>\n<meta name=\"twitter:card\" content=\"summary_large_image\" \/>\n<meta name=\"twitter:label1\" content=\"Est. reading time\" \/>\n\t<meta name=\"twitter:data1\" content=\"1 minute\" \/>\n<script type=\"application\/ld+json\" class=\"yoast-schema-graph\">{\"@context\":\"https:\/\/schema.org\",\"@graph\":[{\"@type\":\"WebPage\",\"@id\":\"https:\/\/www.conciergeriecrepidule.com\/\",\"url\":\"https:\/\/www.conciergeriecrepidule.com\/\",\"name\":\"Conciergerie Cr\u00e9pidule I Ch\u00e2telaillon-Plage, Angoulins, La Rochelle\",\"isPartOf\":{\"@id\":\"https:\/\/www.conciergeriecrepidule.com\/#website\"},\"datePublished\":\"2023-03-29T20:38:12+00:00\",\"dateModified\":\"2023-03-31T09:24:31+00:00\",\"description\":\"Vous recherchez un service de conciergerie ? La Conciergerie Cr\u00e9pidule propose : gestion de location, intendance, m\u00e9nage...\",\"breadcrumb\":{\"@id\":\"https:\/\/www.conciergeriecrepidule.com\/#breadcrumb\"},\"inLanguage\":\"en-US\",\"potentialAction\":[{\"@type\":\"ReadAction\",\"target\":[\"https:\/\/www.conciergeriecrepidule.com\/\"]}]},{\"@type\":\"BreadcrumbList\",\"@id\":\"https:\/\/www.conciergeriecrepidule.com\/#breadcrumb\",\"itemListElement\":[{\"@type\":\"ListItem\",\"position\":1,\"name\":\"Accueil\",\"item\":\"https:\/\/www.conciergeriecrepidule.com\/\"},{\"@type\":\"ListItem\",\"position\":2,\"name\":\"ACCUEIL\"}]},{\"@type\":\"WebSite\",\"@id\":\"https:\/\/www.conciergeriecrepidule.com\/#website\",\"url\":\"https:\/\/www.conciergeriecrepidule.com\/\",\"name\":\"Conciergerie Cr\u00e9pidule\",\"description\":\"conciergerie cr\u00e9pidule\",\"publisher\":{\"@id\":\"https:\/\/www.conciergeriecrepidule.com\/#organization\"},\"potentialAction\":[{\"@type\":\"SearchAction\",\"target\":{\"@type\":\"EntryPoint\",\"urlTemplate\":\"https:\/\/www.conciergeriecrepidule.com\/?s={search_term_string}\"},\"query-input\":\"required name=search_term_string\"}],\"inLanguage\":\"en-US\"},{\"@type\":\"Organization\",\"@id\":\"https:\/\/www.conciergeriecrepidule.com\/#organization\",\"name\":\"Conciergerie Cr\u00e9pidule\",\"url\":\"https:\/\/www.conciergeriecrepidule.com\/\",\"logo\":{\"@type\":\"ImageObject\",\"inLanguage\":\"en-US\",\"@id\":\"https:\/\/www.conciergeriecrepidule.com\/#\/schema\/logo\/image\/\",\"url\":\"http:\/\/www.conciergeriecrepidule.com\/wp-content\/uploads\/2023\/03\/Nouscontacter-1-1.png\",\"contentUrl\":\"http:\/\/www.conciergeriecrepidule.com\/wp-content\/uploads\/2023\/03\/Nouscontacter-1-1.png\",\"width\":498,\"height\":240,\"caption\":\"Conciergerie Cr\u00e9pidule\"},\"image\":{\"@id\":\"https:\/\/www.conciergeriecrepidule.com\/#\/schema\/logo\/image\/\"},\"sameAs\":[\"https:\/\/www.facebook.com\/profile.php?id=100090717452879\",\"https:\/\/www.instagram.com\/conciergerie.crepidule\/\"]}]}<\/script>\n<!-- \/ Yoast SEO plugin. -->","yoast_head_json":{"title":"Conciergerie Cr\u00e9pidule I Ch\u00e2telaillon-Plage, Angoulins, La Rochelle","description":"Vous recherchez un service de conciergerie ? La Conciergerie Cr\u00e9pidule propose : gestion de location, intendance, m\u00e9nage...","robots":{"index":"index","follow":"follow","max-snippet":"max-snippet:-1","max-image-preview":"max-image-preview:large","max-video-preview":"max-video-preview:-1"},"canonical":"https:\/\/www.conciergeriecrepidule.com\/","og_locale":"en_US","og_type":"article","og_title":"Conciergerie Cr\u00e9pidule I Ch\u00e2telaillon-Plage, Angoulins, La Rochelle","og_description":"Vous recherchez un service de conciergerie ? La Conciergerie Cr\u00e9pidule propose : gestion de location, intendance, m\u00e9nage...","og_url":"https:\/\/www.conciergeriecrepidule.com\/","og_site_name":"conciergerie crepidule","article_publisher":"https:\/\/www.facebook.com\/profile.php?id=100090717452879","article_modified_time":"2023-03-31T09:24:31+00:00","og_image":[{"width":2560,"height":1920,"url":"https:\/\/www.conciergeriecrepidule.com\/wp-content\/uploads\/2023\/03\/IMG_0999-1-scaled.jpg","type":"image\/jpeg"}],"twitter_card":"summary_large_image","twitter_misc":{"Est. reading time":"1 minute"},"schema":{"@context":"https:\/\/schema.org","@graph":[{"@type":"WebPage","@id":"https:\/\/www.conciergeriecrepidule.com\/","url":"https:\/\/www.conciergeriecrepidule.com\/","name":"Conciergerie Cr\u00e9pidule I Ch\u00e2telaillon-Plage, Angoulins, La Rochelle","isPartOf":{"@id":"https:\/\/www.conciergeriecrepidule.com\/#website"},"datePublished":"2023-03-29T20:38:12+00:00","dateModified":"2023-03-31T09:24:31+00:00","description":"Vous recherchez un service de conciergerie ? La Conciergerie Cr\u00e9pidule propose : gestion de location, intendance, m\u00e9nage...","breadcrumb":{"@id":"https:\/\/www.conciergeriecrepidule.com\/#breadcrumb"},"inLanguage":"en-US","potentialAction":[{"@type":"ReadAction","target":["https:\/\/www.conciergeriecrepidule.com\/"]}]},{"@type":"BreadcrumbList","@id":"https:\/\/www.conciergeriecrepidule.com\/#breadcrumb","itemListElement":[{"@type":"ListItem","position":1,"name":"Accueil","item":"https:\/\/www.conciergeriecrepidule.com\/"},{"@type":"ListItem","position":2,"name":"ACCUEIL"}]},{"@type":"WebSite","@id":"https:\/\/www.conciergeriecrepidule.com\/#website","url":"https:\/\/www.conciergeriecrepidule.com\/","name":"Conciergerie Cr\u00e9pidule","description":"conciergerie cr\u00e9pidule","publisher":{"@id":"https:\/\/www.conciergeriecrepidule.com\/#organization"},"potentialAction":[{"@type":"SearchAction","target":{"@type":"EntryPoint","urlTemplate":"https:\/\/www.conciergeriecrepidule.com\/?s={search_term_string}"},"query-input":"required name=search_term_string"}],"inLanguage":"en-US"},{"@type":"Organization","@id":"https:\/\/www.conciergeriecrepidule.com\/#organization","name":"Conciergerie Cr\u00e9pidule","url":"https:\/\/www.conciergeriecrepidule.com\/","logo":{"@type":"ImageObject","inLanguage":"en-US","@id":"https:\/\/www.conciergeriecrepidule.com\/#\/schema\/logo\/image\/","url":"http:\/\/www.conciergeriecrepidule.com\/wp-content\/uploads\/2023\/03\/Nouscontacter-1-1.png","contentUrl":"http:\/\/www.conciergeriecrepidule.com\/wp-content\/uploads\/2023\/03\/Nouscontacter-1-1.png","width":498,"height":240,"caption":"Conciergerie Cr\u00e9pidule"},"image":{"@id":"https:\/\/www.conciergeriecrepidule.com\/#\/schema\/logo\/image\/"},"sameAs":["https:\/\/www.facebook.com\/profile.php?id=100090717452879","https:\/\/www.instagram.com\/conciergerie.crepidule\/"]}]}},"_links":{"self":[{"href":"http:\/\/www.conciergeriecrepidule.com\/index.php?rest_route=\/wp\/v2\/pages\/87","targetHints":{"allow":["GET"]}}],"collection":[{"href":"http:\/\/www.conciergeriecrepidule.com\/index.php?rest_route=\/wp\/v2\/pages"}],"about":[{"href":"http:\/\/www.conciergeriecrepidule.com\/index.php?rest_route=\/wp\/v2\/types\/page"}],"author":[{"embeddable":true,"href":"http:\/\/www.conciergeriecrepidule.com\/index.php?rest_route=\/wp\/v2\/users\/1"}],"replies":[{"embeddable":true,"href":"http:\/\/www.conciergeriecrepidule.com\/index.php?rest_route=%2Fwp%2Fv2%2Fcomments&post=87"}],"version-history":[{"count":40,"href":"http:\/\/www.conciergeriecrepidule.com\/index.php?rest_route=\/wp\/v2\/pages\/87\/revisions"}],"predecessor-version":[{"id":247,"href":"http:\/\/www.conciergeriecrepidule.com\/index.php?rest_route=\/wp\/v2\/pages\/87\/revisions\/247"}],"wp:featuredmedia":[{"embeddable":true,"href":"http:\/\/www.conciergeriecrepidule.com\/index.php?rest_route=\/wp\/v2\/media\/139"}],"wp:attachment":[{"href":"http:\/\/www.conciergeriecrepidule.com\/index.php?rest_route=%2Fwp%2Fv2%2Fmedia&parent=87"}],"curies":[{"name":"wp","href":"https:\/\/api.w.org\/{rel}","templated":true}]}}